{"id":1895,"date":"2017-08-10T20:12:05","date_gmt":"2017-08-10T19:12:05","guid":{"rendered":"https:\/\/estrangereality.com\/Vampire-Romance-Bestseller\/?post_type=product&#038;p=1895"},"modified":"2019-09-15T13:28:39","modified_gmt":"2019-09-15T12:28:39","slug":"deuil","status":"publish","type":"product","link":"https:\/\/estrangereality.com\/BookStore\/product\/deuil\/","title":{"rendered":"Deuil &#x2600;"},"content":{"rendered":"<p><strong>Estrange Reality Volume I (Edition Fran\u00e7aise)<\/strong><\/p>\n<p>L\u2019existence ennuyeuse d\u2019Estrange est brusquement interrompue par un r\u00eave aussi \u00e9trange qu\u2019incompr\u00e9hensible et qui r\u00e9veille en lui un d\u00e9sir incontr\u00f4lable m\u00eal\u00e9 d\u2019une soif intense et jusqu\u2019alors oubli\u00e9e\u2026<br \/>\nMais cet engouement ne lui est pas m\u00e9connu et, incit\u00e9 par cette nouvelle sensation, il d\u00e9cide de quitter la morosit\u00e9 de sa vie de mercenaire et de partir \u00e0 la recherche d\u2019Alma &#8211; la petite fille qu\u2019il avait secourue il y\u2019a 20 ans lors d\u2019un crash d\u2019avion.<br \/>\nUne attirance r\u00e9ciproque foudroyante, magn\u00e9tique et irr\u00e9sistible, se r\u00e9v\u00e8le d\u00e8s leur premi\u00e8re rencontre et accroit tandis qu\u2019Alma risque de perdre sa vie dans un stupide concours des circonstances.<br \/>\n\u00c0 ce moment pr\u00e9cis, Estrange, aussi v\u00e9loce et silencieux qu\u2019un grand f\u00e9lin, jailli, et l\u2019entoure de ses bras en transformant son corps dans un bouclier imp\u00e9n\u00e9trable contre toute agression. \u00c9blouie par sa force et rapidit\u00e9, Alma n\u2019a pas le temps de r\u00e9agir. Immobile, fascin\u00e9e par l\u2019approche envoutante de l\u2019homme, elle essaye de r\u00e9sister \u00e0 la tentation de s\u2019enfuir. Estrange, \u00e0 son tour, est submerg\u00e9 par un sentiment inconnu: le d\u00e9sir de prot\u00e9ger ce qu\u2019il aurait d\u00fb chasser avec m\u00e9prise et froideur&#8230;<br \/>\nCar l\u2019homme est l\u2019un de ceux que l\u2019humanit\u00e9 enti\u00e8re hait et chasse, mais Alma ne le sait pas ! Quand elle comprendra, que celui qui lui a sauv\u00e9 la vie \u00e0 plusieurs reprises est un vampire sera trop tard et il n\u2019y aura plus de d\u00e9tour pour leur intense histoire d\u2019amour.<\/p>\n<h5>D\u00e9tails sur le produit<\/h5>\n<div class=\"content\">\n<ul>\n<li><b>\u00c9diteur:\u00a0<\/b>Estange Reality; Edition 3 (10 Janvier 2014)<\/li>\n<li><b>Langue:<\/b>\u00a0Fran\u00e7ais<\/li>\n<li><b>ISBN-13:<\/b>\u00a0978-1470165789<\/li>\n<\/ul>\n<\/div>\n","protected":false},"excerpt":{"rendered":"<ul>\n<li><b>Type:<\/b> iPad, iPhone, and iPod Touch<br \/>\nKindle and Kindle Fire<br \/>\nAsus, Huawei, HTC, LG, Motorola, Nexus, Samsung, Sony Reader and Other eReaders<br \/>\nNOOK, NOOK Color and NOOK Tablet<br \/>\nPC or Mac<\/li>\n<\/ul>\n<div class=\"content\"><\/div>\n","protected":false},"featured_media":2270,"comment_status":"open","ping_status":"closed","template":"","meta":[],"product_cat":[1881],"product_tag":[1892,1891,1886,1893,1887],"_links":{"self":[{"href":"https:\/\/estrangereality.com\/BookStore\/wp-json\/wp\/v2\/product\/1895"}],"collection":[{"href":"https:\/\/estrangereality.com\/BookStore\/wp-json\/wp\/v2\/product"}],"about":[{"href":"https:\/\/estrangereality.com\/BookStore\/wp-json\/wp\/v2\/types\/product"}],"replies":[{"embeddable":true,"href":"https:\/\/estrangereality.com\/BookStore\/wp-json\/wp\/v2\/comments?post=1895"}],"wp:featuredmedia":[{"embeddable":true,"href":"https:\/\/estrangereality.com\/BookStore\/wp-json\/wp\/v2\/media\/2270"}],"wp:attachment":[{"href":"https:\/\/estrangereality.com\/BookStore\/wp-json\/wp\/v2\/media?parent=1895"}],"wp:term":[{"taxonomy":"product_cat","embeddable":true,"href":"https:\/\/estrangereality.com\/BookStore\/wp-json\/wp\/v2\/product_cat?post=1895"},{"taxonomy":"product_tag","embeddable":true,"href":"https:\/\/estrangereality.com\/BookStore\/wp-json\/wp\/v2\/product_tag?post=1895"}],"curies":[{"name":"wp","href":"https:\/\/api.w.org\/{rel}","templated":true}]}}